{"id":6254,"date":"2026-02-10T11:05:32","date_gmt":"2026-02-10T10:05:32","guid":{"rendered":"https:\/\/ronykakarolyi.com\/es\/?page_id=6254"},"modified":"2026-03-11T07:15:19","modified_gmt":"2026-03-11T06:15:19","slug":"inicio","status":"publish","type":"page","link":"https:\/\/ronykakarolyi.com\/es\/","title":{"rendered":"Inicio"},"content":{"rendered":"\t\t<div data-elementor-type=\"wp-page\" data-elementor-id=\"6254\" class=\"elementor elementor-6254\" data-elementor-post-type=\"page\">\n\t\t\t\t<div class=\"elementor-element elementor-element-1e27da1 e-flex e-con-boxed e-con e-parent\" data-id=\"1e27da1\" data-element_type=\"container\" data-e-type=\"container\">\n\t\t\t\t\t<div class=\"e-con-inner\">\n\t\t\t\t<div class=\"elementor-element elementor-element-88b9918 elementor-widget elementor-widget-spacer\" data-id=\"88b9918\" data-element_type=\"widget\" data-e-type=\"widget\" data-widget_type=\"spacer.default\">\n\t\t\t\t<div class=\"elementor-widget-container\">\n\t\t\t\t\t\t\t<div class=\"elementor-spacer\">\n\t\t\t<div class=\"elementor-spacer-inner\"><\/div>\n\t\t<\/div>\n\t\t\t\t\t\t<\/div>\n\t\t\t\t<\/div>\n\t\t\t\t\t<\/div>\n\t\t\t\t<\/div>\n\t\t<div class=\"elementor-element elementor-element-e9f7739 e-flex e-con-boxed e-con e-parent\" data-id=\"e9f7739\" data-element_type=\"container\" data-e-type=\"container\">\n\t\t\t\t\t<div class=\"e-con-inner\">\n\t\t<div class=\"elementor-element elementor-element-f4b1406 e-con-full e-flex e-con e-child\" data-id=\"f4b1406\" data-element_type=\"container\" data-e-type=\"container\">\n\t\t\t\t<div class=\"elementor-element elementor-element-a4b1ed5 elementor-widget elementor-widget-text-editor\" data-id=\"a4b1ed5\" data-element_type=\"widget\" data-e-type=\"widget\" data-widget_type=\"text-editor.default\">\n\t\t\t\t<div class=\"elementor-widget-container\">\n\t\t\t\t\t\t\t\t\t<h1><span style=\"font-family: 'book antiqua', palatino, serif; color: #800080;\">El verdadero \u00e9xito est\u00e1 en la estrategia y en la perspectiva!<\/span><\/h1>\t\t\t\t\t\t\t\t<\/div>\n\t\t\t\t<\/div>\n\t\t\t\t<\/div>\n\t\t<div class=\"elementor-element elementor-element-0df86e0 e-con-full e-flex e-con e-child\" data-id=\"0df86e0\" data-element_type=\"container\" data-e-type=\"container\">\n\t\t\t\t<div class=\"elementor-element elementor-element-2d4daf9 elementor-widget elementor-widget-image\" data-id=\"2d4daf9\" data-element_type=\"widget\" data-e-type=\"widget\" data-widget_type=\"image.default\">\n\t\t\t\t<div class=\"elementor-widget-container\">\n\t\t\t\t\t\t\t\t\t\t\t\t\t\t\t<img fetchpriority=\"high\" decoding=\"async\" width=\"1024\" height=\"1024\" src=\"https:\/\/ronykakarolyi.com\/es\/wp-content\/uploads\/2025\/10\/portre-1024x1024.jpg\" class=\"attachment-large size-large wp-image-5516\" alt=\"\" srcset=\"https:\/\/ronykakarolyi.com\/es\/wp-content\/uploads\/2025\/10\/portre-1024x1024.jpg 1024w, https:\/\/ronykakarolyi.com\/es\/wp-content\/uploads\/2025\/10\/portre-300x300.jpg 300w, https:\/\/ronykakarolyi.com\/es\/wp-content\/uploads\/2025\/10\/portre-150x150.jpg 150w, https:\/\/ronykakarolyi.com\/es\/wp-content\/uploads\/2025\/10\/portre-768x768.jpg 768w, https:\/\/ronykakarolyi.com\/es\/wp-content\/uploads\/2025\/10\/portre-1536x1536.jpg 1536w, https:\/\/ronykakarolyi.com\/es\/wp-content\/uploads\/2025\/10\/portre-2048x2048.jpg 2048w, https:\/\/ronykakarolyi.com\/es\/wp-content\/uploads\/2025\/10\/portre-600x600.jpg 600w, https:\/\/ronykakarolyi.com\/es\/wp-content\/uploads\/2025\/10\/portre-100x100.jpg 100w\" sizes=\"(max-width: 1024px) 100vw, 1024px\" \/>\t\t\t\t\t\t\t\t\t\t\t\t\t\t\t<\/div>\n\t\t\t\t<\/div>\n\t\t\t\t<\/div>\n\t\t\t\t\t<\/div>\n\t\t\t\t<\/div>\n\t\t<div class=\"elementor-element elementor-element-f670beb e-grid e-con-boxed e-con e-parent\" data-id=\"f670beb\" data-element_type=\"container\" data-e-type=\"container\">\n\t\t\t\t\t<div class=\"e-con-inner\">\n\t\t\t\t<div class=\"elementor-element elementor-element-5e84641 elementor-cta--skin-classic elementor-animated-content elementor-bg-transform elementor-bg-transform-zoom-in elementor-widget elementor-widget-call-to-action\" data-id=\"5e84641\" data-element_type=\"widget\" data-e-type=\"widget\" data-widget_type=\"call-to-action.default\">\n\t\t\t\t<div class=\"elementor-widget-container\">\n\t\t\t\t\t\t\t<div class=\"elementor-cta\">\n\t\t\t\t\t<div class=\"elementor-cta__bg-wrapper\">\n\t\t\t\t<div class=\"elementor-cta__bg elementor-bg lazyload\" style=\"background-image:inherit;\" role=\"img\" aria-label=\"konyvboritonapsugarakkal\" data-bg-image=\"url(https:\/\/ronykakarolyi.com\/es\/wp-content\/uploads\/2026\/02\/konyvboritonapsugarakkal-1024x768.jpg)\"><\/div>\n\t\t\t\t<div class=\"elementor-cta__bg-overlay\"><\/div>\n\t\t\t<\/div>\n\t\t\t\t\t\t\t<div class=\"elementor-cta__content\">\n\t\t\t\t\n\t\t\t\t\t\t\t\t\t<h2 class=\"elementor-cta__title elementor-cta__content-item elementor-content-item\">\n\t\t\t\t\t\tEl Coraz\u00f3n de Dios\t\t\t\t\t<\/h2>\n\t\t\t\t\n\t\t\t\t\t\t\t\t\t<div class=\"elementor-cta__description elementor-cta__content-item elementor-content-item\">\n\t\t\t\t\t\tCuestiones b\u00edblicas y de fe desde una nueva perspectiva: mensajes inspiradores que fortalecen tu fe y te acercan al coraz\u00f3n de Dios.\t\t\t\t\t<\/div>\n\t\t\t\t\n\t\t\t\t\t\t\t\t\t<div class=\"elementor-cta__button-wrapper elementor-cta__content-item elementor-content-item \">\n\t\t\t\t\t<a class=\"elementor-cta__button elementor-button elementor-size-\" href=\"https:\/\/ronykakarolyi.com\/es\/el-corazon-de-dios\/\">\n\t\t\t\t\t\t\u00a1Haz clic aqu\u00ed!\t\t\t\t\t<\/a>\n\t\t\t\t\t<\/div>\n\t\t\t\t\t\t\t<\/div>\n\t\t\t\t\t\t<\/div>\n\t\t\t\t\t\t<\/div>\n\t\t\t\t<\/div>\n\t\t\t\t\t<\/div>\n\t\t\t\t<\/div>\n\t\t\t\t<\/div>\n\t\t","protected":false},"excerpt":{"rendered":"<p>El verdadero \u00e9xito est\u00e1 en la estrategia y en la perspectiva! El Coraz\u00f3n de Dios Cuestiones b\u00edblicas y de fe desde una nueva perspectiva: mensajes inspiradores que fortalecen tu fe y te acercan al coraz\u00f3n de Dios. \u00a1Haz clic aqu\u00ed!<\/p>\n","protected":false},"author":1,"featured_media":0,"parent":0,"menu_order":0,"comment_status":"closed","ping_status":"closed","template":"","meta":{"site-sidebar-layout":"no-sidebar","site-content-layout":"page-builder","ast-site-content-layout":"full-width-container","site-content-style":"boxed","site-sidebar-style":"boxed","ast-global-header-display":"","ast-banner-title-visibility":"","ast-main-header-display":"","ast-hfb-above-header-display":"","ast-hfb-below-header-display":"","ast-hfb-mobile-header-display":"","site-post-title":"disabled","ast-breadcrumbs-content":"disabled","ast-featured-img":"disabled","footer-sml-layout":"","ast-disable-related-posts":"","theme-transparent-header-meta":"default","adv-header-id-meta":"","stick-header-meta":"","header-above-stick-meta":"","header-main-stick-meta":"","header-below-stick-meta":"","astra-migrate-meta-layouts":"set","ast-page-background-enabled":"default","ast-page-background-meta":{"desktop":{"background-color":"","background-image":"","background-repeat":"repeat","background-position":"center center","background-size":"auto","background-attachment":"scroll","background-type":"","background-media":"","overlay-type":"","overlay-color":"","overlay-opacity":"","overlay-gradient":""},"tablet":{"background-color":"","background-image":"","background-repeat":"repeat","background-position":"center center","background-size":"auto","background-attachment":"scroll","background-type":"","background-media":"","overlay-type":"","overlay-color":"","overlay-opacity":"","overlay-gradient":""},"mobile":{"background-color":"","background-image":"","background-repeat":"repeat","background-position":"center center","background-size":"auto","background-attachment":"scroll","background-type":"","background-media":"","overlay-type":"","overlay-color":"","overlay-opacity":"","overlay-gradient":""}},"ast-content-background-meta":{"desktop":{"background-color":"var(--ast-global-color-5)","background-image":"","background-repeat":"repeat","background-position":"center center","background-size":"auto","background-attachment":"scroll","background-type":"","background-media":"","overlay-type":"","overlay-color":"","overlay-opacity":"","overlay-gradient":""},"tablet":{"background-color":"var(--ast-global-color-5)","background-image":"","background-repeat":"repeat","background-position":"center center","background-size":"auto","background-attachment":"scroll","background-type":"","background-media":"","overlay-type":"","overlay-color":"","overlay-opacity":"","overlay-gradient":""},"mobile":{"background-color":"var(--ast-global-color-5)","background-image":"","background-repeat":"repeat","background-position":"center center","background-size":"auto","background-attachment":"scroll","background-type":"","background-media":"","overlay-type":"","overlay-color":"","overlay-opacity":"","overlay-gradient":""}},"footnotes":""},"class_list":["post-6254","page","type-page","status-publish","hentry"],"yoast_head":"<!-- This site is optimized with the Yoast SEO plugin v27.6 - https:\/\/yoast.com\/product\/yoast-seo-wordpress\/ -->\n<title>Inicio - ronykakarolyi<\/title>\n<meta name=\"description\" content=\"Coraz\u00f3n de Dios, Redacci\u00f3n \u2013 inspiraci\u00f3n espiritual y t\u00e9cnicas de escritura para creyentes y no creyentes \u2013 ronykakarolyi\" \/>\n<meta name=\"robots\" content=\"index, follow, max-snippet:-1, max-image-preview:large, max-video-preview:-1\" \/>\n<link rel=\"canonical\" href=\"https:\/\/ronykakarolyi.com\/es\/\" \/>\n<meta property=\"og:locale\" content=\"es_ES\" \/>\n<meta property=\"og:type\" content=\"article\" \/>\n<meta property=\"og:title\" content=\"Inicio - ronykakarolyi\" \/>\n<meta property=\"og:description\" content=\"Coraz\u00f3n de Dios, Redacci\u00f3n \u2013 inspiraci\u00f3n espiritual y t\u00e9cnicas de escritura para creyentes y no creyentes \u2013 ronykakarolyi\" \/>\n<meta property=\"og:url\" content=\"https:\/\/ronykakarolyi.com\/es\/\" \/>\n<meta property=\"article:modified_time\" content=\"2026-03-11T06:15:19+00:00\" \/>\n<meta property=\"og:image\" content=\"https:\/\/ronykakarolyi.com\/es\/wp-content\/uploads\/2025\/10\/portre.jpg\" \/>\n\t<meta property=\"og:image:width\" content=\"2160\" \/>\n\t<meta property=\"og:image:height\" content=\"2160\" \/>\n\t<meta property=\"og:image:type\" content=\"image\/jpeg\" \/>\n<meta name=\"twitter:card\" content=\"summary_large_image\" \/>\n<script type=\"application\/ld+json\" class=\"yoast-schema-graph\">{\"@context\":\"https:\\\/\\\/schema.org\",\"@graph\":[{\"@type\":\"WebPage\",\"@id\":\"https:\\\/\\\/ronykakarolyi.com\\\/es\\\/\",\"url\":\"https:\\\/\\\/ronykakarolyi.com\\\/es\\\/\",\"name\":\"Inicio - ronykakarolyi\",\"isPartOf\":{\"@id\":\"https:\\\/\\\/ronykakarolyi.com\\\/es\\\/#website\"},\"primaryImageOfPage\":{\"@id\":\"https:\\\/\\\/ronykakarolyi.com\\\/es\\\/#primaryimage\"},\"image\":{\"@id\":\"https:\\\/\\\/ronykakarolyi.com\\\/es\\\/#primaryimage\"},\"thumbnailUrl\":\"https:\\\/\\\/ronykakarolyi.com\\\/es\\\/wp-content\\\/uploads\\\/2025\\\/10\\\/portre-1024x1024.jpg\",\"datePublished\":\"2026-02-10T10:05:32+00:00\",\"dateModified\":\"2026-03-11T06:15:19+00:00\",\"description\":\"Coraz\u00f3n de Dios, Redacci\u00f3n \u2013 inspiraci\u00f3n espiritual y t\u00e9cnicas de escritura para creyentes y no creyentes \u2013 ronykakarolyi\",\"breadcrumb\":{\"@id\":\"https:\\\/\\\/ronykakarolyi.com\\\/es\\\/#breadcrumb\"},\"inLanguage\":\"es\",\"potentialAction\":[{\"@type\":\"ReadAction\",\"target\":[\"https:\\\/\\\/ronykakarolyi.com\\\/es\\\/\"]}]},{\"@type\":\"ImageObject\",\"inLanguage\":\"es\",\"@id\":\"https:\\\/\\\/ronykakarolyi.com\\\/es\\\/#primaryimage\",\"url\":\"https:\\\/\\\/ronykakarolyi.com\\\/es\\\/wp-content\\\/uploads\\\/2025\\\/10\\\/portre.jpg\",\"contentUrl\":\"https:\\\/\\\/ronykakarolyi.com\\\/es\\\/wp-content\\\/uploads\\\/2025\\\/10\\\/portre.jpg\",\"width\":2160,\"height\":2160},{\"@type\":\"BreadcrumbList\",\"@id\":\"https:\\\/\\\/ronykakarolyi.com\\\/es\\\/#breadcrumb\",\"itemListElement\":[{\"@type\":\"ListItem\",\"position\":1,\"name\":\"Portada\",\"item\":\"https:\\\/\\\/ronykakarolyi.com\\\/es\\\/\"},{\"@type\":\"ListItem\",\"position\":2,\"name\":\"Inicio\"}]},{\"@type\":\"WebSite\",\"@id\":\"https:\\\/\\\/ronykakarolyi.com\\\/es\\\/#website\",\"url\":\"https:\\\/\\\/ronykakarolyi.com\\\/es\\\/\",\"name\":\"\",\"description\":\"\",\"publisher\":{\"@id\":\"https:\\\/\\\/ronykakarolyi.com\\\/es\\\/#\\\/schema\\\/person\\\/14e31870418a1cc78c33f75b67ee6dd8\"},\"potentialAction\":[{\"@type\":\"SearchAction\",\"target\":{\"@type\":\"EntryPoint\",\"urlTemplate\":\"https:\\\/\\\/ronykakarolyi.com\\\/es\\\/?s={search_term_string}\"},\"query-input\":{\"@type\":\"PropertyValueSpecification\",\"valueRequired\":true,\"valueName\":\"search_term_string\"}}],\"inLanguage\":\"es\"},{\"@type\":[\"Person\",\"Organization\"],\"@id\":\"https:\\\/\\\/ronykakarolyi.com\\\/es\\\/#\\\/schema\\\/person\\\/14e31870418a1cc78c33f75b67ee6dd8\",\"name\":\"Ronyka\",\"image\":{\"@type\":\"ImageObject\",\"inLanguage\":\"es\",\"@id\":\"https:\\\/\\\/ronykakarolyi.com\\\/es\\\/wp-content\\\/uploads\\\/2025\\\/06\\\/cropped-ronyka_karolyi_logo.png\",\"url\":\"https:\\\/\\\/ronykakarolyi.com\\\/es\\\/wp-content\\\/uploads\\\/2025\\\/06\\\/cropped-ronyka_karolyi_logo.png\",\"contentUrl\":\"https:\\\/\\\/ronykakarolyi.com\\\/es\\\/wp-content\\\/uploads\\\/2025\\\/06\\\/cropped-ronyka_karolyi_logo.png\",\"width\":499,\"height\":499,\"caption\":\"Ronyka\"},\"logo\":{\"@id\":\"https:\\\/\\\/ronykakarolyi.com\\\/es\\\/wp-content\\\/uploads\\\/2025\\\/06\\\/cropped-ronyka_karolyi_logo.png\"},\"sameAs\":[\"https:\\\/\\\/ronykakarolyi.com\\\/es\"]}]}<\/script>\n<!-- \/ Yoast SEO plugin. -->","yoast_head_json":{"title":"Inicio - ronykakarolyi","description":"Coraz\u00f3n de Dios, Redacci\u00f3n \u2013 inspiraci\u00f3n espiritual y t\u00e9cnicas de escritura para creyentes y no creyentes \u2013 ronykakarolyi","robots":{"index":"index","follow":"follow","max-snippet":"max-snippet:-1","max-image-preview":"max-image-preview:large","max-video-preview":"max-video-preview:-1"},"canonical":"https:\/\/ronykakarolyi.com\/es\/","og_locale":"es_ES","og_type":"article","og_title":"Inicio - ronykakarolyi","og_description":"Coraz\u00f3n de Dios, Redacci\u00f3n \u2013 inspiraci\u00f3n espiritual y t\u00e9cnicas de escritura para creyentes y no creyentes \u2013 ronykakarolyi","og_url":"https:\/\/ronykakarolyi.com\/es\/","article_modified_time":"2026-03-11T06:15:19+00:00","og_image":[{"width":2160,"height":2160,"url":"https:\/\/ronykakarolyi.com\/es\/wp-content\/uploads\/2025\/10\/portre.jpg","type":"image\/jpeg"}],"twitter_card":"summary_large_image","schema":{"@context":"https:\/\/schema.org","@graph":[{"@type":"WebPage","@id":"https:\/\/ronykakarolyi.com\/es\/","url":"https:\/\/ronykakarolyi.com\/es\/","name":"Inicio - ronykakarolyi","isPartOf":{"@id":"https:\/\/ronykakarolyi.com\/es\/#website"},"primaryImageOfPage":{"@id":"https:\/\/ronykakarolyi.com\/es\/#primaryimage"},"image":{"@id":"https:\/\/ronykakarolyi.com\/es\/#primaryimage"},"thumbnailUrl":"https:\/\/ronykakarolyi.com\/es\/wp-content\/uploads\/2025\/10\/portre-1024x1024.jpg","datePublished":"2026-02-10T10:05:32+00:00","dateModified":"2026-03-11T06:15:19+00:00","description":"Coraz\u00f3n de Dios, Redacci\u00f3n \u2013 inspiraci\u00f3n espiritual y t\u00e9cnicas de escritura para creyentes y no creyentes \u2013 ronykakarolyi","breadcrumb":{"@id":"https:\/\/ronykakarolyi.com\/es\/#breadcrumb"},"inLanguage":"es","potentialAction":[{"@type":"ReadAction","target":["https:\/\/ronykakarolyi.com\/es\/"]}]},{"@type":"ImageObject","inLanguage":"es","@id":"https:\/\/ronykakarolyi.com\/es\/#primaryimage","url":"https:\/\/ronykakarolyi.com\/es\/wp-content\/uploads\/2025\/10\/portre.jpg","contentUrl":"https:\/\/ronykakarolyi.com\/es\/wp-content\/uploads\/2025\/10\/portre.jpg","width":2160,"height":2160},{"@type":"BreadcrumbList","@id":"https:\/\/ronykakarolyi.com\/es\/#breadcrumb","itemListElement":[{"@type":"ListItem","position":1,"name":"Portada","item":"https:\/\/ronykakarolyi.com\/es\/"},{"@type":"ListItem","position":2,"name":"Inicio"}]},{"@type":"WebSite","@id":"https:\/\/ronykakarolyi.com\/es\/#website","url":"https:\/\/ronykakarolyi.com\/es\/","name":"","description":"","publisher":{"@id":"https:\/\/ronykakarolyi.com\/es\/#\/schema\/person\/14e31870418a1cc78c33f75b67ee6dd8"},"potentialAction":[{"@type":"SearchAction","target":{"@type":"EntryPoint","urlTemplate":"https:\/\/ronykakarolyi.com\/es\/?s={search_term_string}"},"query-input":{"@type":"PropertyValueSpecification","valueRequired":true,"valueName":"search_term_string"}}],"inLanguage":"es"},{"@type":["Person","Organization"],"@id":"https:\/\/ronykakarolyi.com\/es\/#\/schema\/person\/14e31870418a1cc78c33f75b67ee6dd8","name":"Ronyka","image":{"@type":"ImageObject","inLanguage":"es","@id":"https:\/\/ronykakarolyi.com\/es\/wp-content\/uploads\/2025\/06\/cropped-ronyka_karolyi_logo.png","url":"https:\/\/ronykakarolyi.com\/es\/wp-content\/uploads\/2025\/06\/cropped-ronyka_karolyi_logo.png","contentUrl":"https:\/\/ronykakarolyi.com\/es\/wp-content\/uploads\/2025\/06\/cropped-ronyka_karolyi_logo.png","width":499,"height":499,"caption":"Ronyka"},"logo":{"@id":"https:\/\/ronykakarolyi.com\/es\/wp-content\/uploads\/2025\/06\/cropped-ronyka_karolyi_logo.png"},"sameAs":["https:\/\/ronykakarolyi.com\/es"]}]}},"_links":{"self":[{"href":"https:\/\/ronykakarolyi.com\/es\/wp-json\/wp\/v2\/pages\/6254","targetHints":{"allow":["GET"]}}],"collection":[{"href":"https:\/\/ronykakarolyi.com\/es\/wp-json\/wp\/v2\/pages"}],"about":[{"href":"https:\/\/ronykakarolyi.com\/es\/wp-json\/wp\/v2\/types\/page"}],"author":[{"embeddable":true,"href":"https:\/\/ronykakarolyi.com\/es\/wp-json\/wp\/v2\/users\/1"}],"replies":[{"embeddable":true,"href":"https:\/\/ronykakarolyi.com\/es\/wp-json\/wp\/v2\/comments?post=6254"}],"version-history":[{"count":0,"href":"https:\/\/ronykakarolyi.com\/es\/wp-json\/wp\/v2\/pages\/6254\/revisions"}],"wp:attachment":[{"href":"https:\/\/ronykakarolyi.com\/es\/wp-json\/wp\/v2\/media?parent=6254"}],"curies":[{"name":"wp","href":"https:\/\/api.w.org\/{rel}","templated":true}]}}